{"id":2666,"date":"2015-08-30T15:42:58","date_gmt":"2015-08-30T15:42:58","guid":{"rendered":"http:\/\/www.ecoband-music.es\/WebDefiniGuitar\/?page_id=2666"},"modified":"2025-12-10T09:33:25","modified_gmt":"2025-12-10T09:33:25","slug":"informacion-de-las-clases","status":"publish","type":"page","link":"https:\/\/clases-guitarra-valencia.com\/blog\/informacion-de-las-clases\/","title":{"rendered":"Informaci\u00f3n de las clases de guitarra"},"content":{"rendered":"<h2>Clases de guitarra adaptadas a para todas las edades, gustos musicales y niveles.<\/h2>\n<p>Aprende a tocar la guitarra de una forma divertida y de una forma pr\u00e1ctica. Te ense\u00f1amos de una forma <strong>PR\u00c1CTICA\u00a0<\/strong> a partir de tus canciones favoritas a mejorar tu t\u00e9cnica con la guitarra y poder desarrollar aquellos objetivos que te planteas con el instrumento.<\/p>\n<p><strong>No importa si no has tocado nunca la guitarra<\/strong> o si por el contrario llevas muchos a\u00f1os con ella, <strong>tampoco tu edad, gustos musicales, etc.<br \/>\n<\/strong>Adaptamos las clases a tu ritmo de aprendizaje gustos musicales y objetivos. En nuestra primera clase llevaremos a cabo una peque\u00f1a \u00abentrevista\u00bb en la que definiremos cuales son los mismos para definir nuestra \u00abhoja de ruta\u00bb<\/p>\n<p><b>Adaptamos las clases a tus horarios.\u00a0<\/b>Damos clases tanto en horarios de ma\u00f1anas, tardes y fines de semana. Ofrecemos la posibilidad de modificar tus horarios de forma semanal, si as\u00ed lo requieres por tus responsabilidades laborales, familiares, etc. Todo para facilitar tu asistencia a las clases. Y si, en cualquier caso no puedes acudir a clase, no se contabilizar\u00e1n las mismas si nos avisas con al menos 24h de antelaci\u00f3n.<\/p>\n<p>El\u00a0 precio de las clases es de 12 euros la clase, que se abonan en bonos de 5 clases para que puedas adaptar tu asistencia a tu situaci\u00f3n personal y profesional sin que ello suponga una p\u00e9rdida econ\u00f3mica si una semana no puedes acudir a una clase.<\/p>\n<p>Direcci\u00f3n:\u00a0 C\/ Mare de Deu de Campanar 7, (Barrio de campanar). A\u00a0 escasos minutos de parada de metro campanar \/ turia. Muy buena combinaci\u00f3n de autobus (centro comercial Nuevo Centro a 5 minutos)<\/p>\n<p>As\u00ed como si decides venir en coche tambi\u00e9n es una zona de facil aparcamiento, cuenta incluso con un descampado a escasos 3 minutos de donde doy clase y tambi\u00e9n cuento con espacio para dejar la bicicleta dentro de la academia.<\/p>\n<p>Dispongo de todo lo necesario para desarrollar las clases sin problema. Guitarras (cl\u00e1sicas, el\u00e9ctricas, ac\u00fasticas..), amplificadores, cables, material de estudio, web actualizada donde poder ampliar conocimientos. T\u00fa tan solo debes preocuparte de venir y disfrutar<\/p>\n<p>Peri\u00f3dicamente organizamos eventos donde podr\u00e1s compartir tu pasi\u00f3n con otros alumnos y alumnas que disfrutan como t\u00fa de la m\u00fasica. Ya sea, si as\u00ed lo quieres, a partir de peque\u00f1os conciertos de alumnos, quedadas (campings, excursiones,etc) como en las propias clases participando en peque\u00f1os combos (bandas) con otros guitarras, bajista, bater\u00eda, etc.<\/p>\n","protected":false},"excerpt":{"rendered":"<p>Clases de guitarra adaptadas a para todas las edades, gustos musicales y niveles. Aprende a tocar la guitarra de una forma divertida y de una forma pr\u00e1ctica. Te ense\u00f1amos de una forma PR\u00c1CTICA\u00a0 a partir de tus canciones favoritas a mejorar tu t\u00e9cnica con la guitarra y poder desarrollar aquellos objetivos que te planteas con [&hellip;]<\/p>\n","protected":false},"author":1,"featured_media":0,"parent":0,"menu_order":0,"comment_status":"closed","ping_status":"closed","template":"","meta":{"footnotes":""},"class_list":["post-2666","page","type-page","status-publish","hentry"],"_links":{"self":[{"href":"https:\/\/clases-guitarra-valencia.com\/blog\/wp-json\/wp\/v2\/pages\/2666","targetHints":{"allow":["GET"]}}],"collection":[{"href":"https:\/\/clases-guitarra-valencia.com\/blog\/wp-json\/wp\/v2\/pages"}],"about":[{"href":"https:\/\/clases-guitarra-valencia.com\/blog\/wp-json\/wp\/v2\/types\/page"}],"author":[{"embeddable":true,"href":"https:\/\/clases-guitarra-valencia.com\/blog\/wp-json\/wp\/v2\/users\/1"}],"replies":[{"embeddable":true,"href":"https:\/\/clases-guitarra-valencia.com\/blog\/wp-json\/wp\/v2\/comments?post=2666"}],"version-history":[{"count":5,"href":"https:\/\/clases-guitarra-valencia.com\/blog\/wp-json\/wp\/v2\/pages\/2666\/revisions"}],"predecessor-version":[{"id":39474,"href":"https:\/\/clases-guitarra-valencia.com\/blog\/wp-json\/wp\/v2\/pages\/2666\/revisions\/39474"}],"wp:attachment":[{"href":"https:\/\/clases-guitarra-valencia.com\/blog\/wp-json\/wp\/v2\/media?parent=2666"}],"curies":[{"name":"wp","href":"https:\/\/api.w.org\/{rel}","templated":true}]}}