{"id":26869,"date":"2020-03-15T10:55:43","date_gmt":"2020-03-15T10:55:43","guid":{"rendered":"http:\/\/clases-guitarra-valencia.com\/?page_id=26869"},"modified":"2020-05-22T07:56:54","modified_gmt":"2020-05-22T07:56:54","slug":"aprender-a-tocar-la-guitarra-desde-casa","status":"publish","type":"page","link":"https:\/\/clases-guitarra-valencia.com\/blog\/aprender-a-tocar-la-guitarra-desde-casa\/","title":{"rendered":"Aprender a tocar la guitarra desde casa"},"content":{"rendered":"\n<p>Una de las principales ventajas que nos ha tra\u00eddo la inform\u00e1tica en los \u00faltimos a\u00f1os consiste en la posibilidad de <strong>aprender a tocar la guitarra <\/strong>de una forma mucho m\u00e1s productiva gracias a la multitud de <strong>alternativas de software <\/strong>dedicadas a ello. <br><br>En el siguiente articulo me gustar\u00eda hacer referencia a alguna de ellas y, de paso, poner a disposici\u00f3n de todas aquellas personas que as\u00ed lo deseen las herramientas para que juntos podamos <strong>aprender desde casa,<\/strong> <strong>adaptando<\/strong> nuestro <strong>ritmo de aprendizaje<\/strong> y tiempos a nuestra <strong>rutina<\/strong>.<\/p>\n\n\n\n<p>El primer programa del que me gustar\u00eda hablaros es del <strong>guitar pro. <\/strong>Este programa est\u00e1 pensado en un principio para <strong>componer <\/strong>a partir del lenguaje de tabulado. De manera que de una <strong>forma muy intuitiva muchos gutiarristas<\/strong> hemos conseguido hacer composiciones t<strong>an solo con nuestro teclado<\/strong>.<\/p>\n\n\n\n<p>En cualquier caso, de la misma forma que se pueden <strong>realizar composiciones propias<\/strong>, <strong>muchas personas se han dedicado a transcribir canciones ya compuestas<\/strong> (por ejemplo una canci\u00f3n de los Beatles) de manera que esto nos permite poder a<strong>prender de una forma muy sencilla la canci\u00f3n<\/strong>, gracias a que no solo podemos <strong>ver las notas<\/strong> que se emplean sino tambi\u00e9n<strong> reproducirla, bajar la velocidad, repetir en bucle, \u00abmutear pistas\u00bb, <\/strong>etc<strong>. <\/strong><\/p>\n\n\n\n<p>Este es el sentido con el tambi\u00e9n he grabado una serie de videos explicativos sobre el funcionamiento del guitar pro.<\/p>\n\n\n\n<p>A continuaci\u00f3n os dejo el enlace para la descarga. (versi\u00f3n de windows) as\u00ed como el canal en youtube en el que explico su funcionamiento. <br><br>Una vez descargado ten\u00e9is que escribir esta contrase\u00f1a para que os permita descomprimir el programa: <strong>EscenciaDeLaMusica<\/strong><\/p>\n\n\n\n<p>Aqu\u00ed el enlace para descargar:<br><br>https:\/\/mega.nz\/#!kwJTUDjT!p3iOhmftIDxCRsV9iE6r8D5ndtcVcvebKh59nXWquOs<br><br>Y el user ID y password una vez descargado:<br><br>ID: TEAMZWT<\/p>\n\n\n\n<p>Contase\u00f1a: AEAAK-ANR60-AAAAZ<\/p>\n\n\n\n<p><\/p>\n\n\n\n<p>Aqu\u00ed mi canal donde explico el funcionamiento b\u00e1sico del guitar pro.<br><br> <a href=\"https:\/\/www.youtube.com\/playlist?list=PLtdbr5QY_w18huBN9gek40RMy6vfWGJd8\">https:\/\/www.youtube.com\/playlist?list=PLtdbr5QY_w18huBN9gek40RMy6vfWGJd8<\/a> <br><\/p>\n","protected":false},"excerpt":{"rendered":"<p>Una de las principales ventajas que nos ha tra\u00eddo la inform\u00e1tica en los \u00faltimos a\u00f1os consiste en la posibilidad de aprender a tocar la guitarra de una forma mucho m\u00e1s productiva gracias a la multitud de alternativas de software dedicadas a ello. En el siguiente articulo me gustar\u00eda hacer referencia a alguna de ellas y, [&hellip;]<\/p>\n","protected":false},"author":1,"featured_media":0,"parent":0,"menu_order":0,"comment_status":"closed","ping_status":"closed","template":"","meta":{"footnotes":""},"class_list":["post-26869","page","type-page","status-publish","hentry"],"_links":{"self":[{"href":"https:\/\/clases-guitarra-valencia.com\/blog\/wp-json\/wp\/v2\/pages\/26869","targetHints":{"allow":["GET"]}}],"collection":[{"href":"https:\/\/clases-guitarra-valencia.com\/blog\/wp-json\/wp\/v2\/pages"}],"about":[{"href":"https:\/\/clases-guitarra-valencia.com\/blog\/wp-json\/wp\/v2\/types\/page"}],"author":[{"embeddable":true,"href":"https:\/\/clases-guitarra-valencia.com\/blog\/wp-json\/wp\/v2\/users\/1"}],"replies":[{"embeddable":true,"href":"https:\/\/clases-guitarra-valencia.com\/blog\/wp-json\/wp\/v2\/comments?post=26869"}],"version-history":[{"count":3,"href":"https:\/\/clases-guitarra-valencia.com\/blog\/wp-json\/wp\/v2\/pages\/26869\/revisions"}],"predecessor-version":[{"id":32037,"href":"https:\/\/clases-guitarra-valencia.com\/blog\/wp-json\/wp\/v2\/pages\/26869\/revisions\/32037"}],"wp:attachment":[{"href":"https:\/\/clases-guitarra-valencia.com\/blog\/wp-json\/wp\/v2\/media?parent=26869"}],"curies":[{"name":"wp","href":"https:\/\/api.w.org\/{rel}","templated":true}]}}