{"id":26877,"date":"2020-03-16T00:48:02","date_gmt":"2020-03-16T00:48:02","guid":{"rendered":"http:\/\/clases-guitarra-valencia.com\/?page_id=26877"},"modified":"2020-03-17T15:35:24","modified_gmt":"2020-03-17T15:35:24","slug":"unete-al-festival-dels-balcons","status":"publish","type":"page","link":"https:\/\/clases-guitarra-valencia.com\/blog\/unete-al-festival-dels-balcons\/","title":{"rendered":"\u00danete al festival dels balcons"},"content":{"rendered":"\n<p>El pr\u00f3ximo d\u00eda todos los m\u00fasicos tenemos una cita en nuestro balc\u00f3n para reivindicar que somos tierra de m\u00fasica. Se han propuesto tocar dos temas. El m\u00edtico &#8216;Paquito el chocolatero&#8217; y Amparito roca.<\/p>\n\n\n\n<p>En el siguiente art\u00edculo te voy a ense\u00f1ar como tocar la pieza de Paquito el chocolatero adapt\u00e1ndola a guitarra.<\/p>\n\n\n\n<p>En primer lugar adjunto PDF y guitar pro con la transcripci\u00f3n de la canci\u00f3n a tabulado para que la puedas estudiar.<\/p>\n\n\n<p>Aqu\u00ed el PDF de la canci\u00f3n:<\/p>\n<p><a href=\"http:\/\/clases-guitarra-valencia.com\/blog\/wp-content\/uploads\/2020\/03\/Paquito-el-chocolatero.pdf\">Paquito el chocolatero<\/a><\/p>\n<p>Aqu\u00ed el guitar pro:<\/p>\n<p><a href=\"http:\/\/clases-guitarra-valencia.com\/blog\/wp-content\/uploads\/2020\/03\/paquito-el-chocolatero.zip\">paquito el chocolatero<\/a><\/p>\n\n\n<p>A continuaci\u00f3n dejar\u00e9 unos peque\u00f1os videos explicativos para aprender a tocar la canci\u00f3n  de una forma t\u00e9cnicamente adecuada. Aviso, no es una canci\u00f3n sencilla y es importante tener una buena t\u00e9cnica de guitarra. Se puede adaptar, recomiendo que se pruebe en el modo complejo para tratar de comprender las diferentes t\u00e9cnicas y posteriormente (sino se consigue de forma adaptada).<br><\/p>\n\n\n<p>[su_tabs]<\/p>\n<p>[su_tab title=\u00bbExplicaci\u00f3n canci\u00f3n completa (normal)\u00bb disabled=\u00bbno\u00bb anchor=\u00bb\u00bb url=\u00bb\u00bb target=\u00bbblank\u00bb class=\u00bb\u00bb]<\/p>\n<p><iframe loading=\"lazy\" width=\"560\" height=\"315\" src=\"https:\/\/www.youtube.com\/embed\/videoseries?list=PLtdbr5QY_w1_O3VdRYmeVFaPac-tTTxo4\" frameborder=\"0\" allow=\"accelerometer; autoplay; encrypted-media; gyroscope; picture-in-picture\" allowfullscreen><\/iframe><br \/>\n[\/su_tab]<\/p>\n<p>[\/su_tabs]<\/p>\n","protected":false},"excerpt":{"rendered":"<p>El pr\u00f3ximo d\u00eda todos los m\u00fasicos tenemos una cita en nuestro balc\u00f3n para reivindicar que somos tierra de m\u00fasica. Se han propuesto tocar dos temas. El m\u00edtico &#8216;Paquito el chocolatero&#8217; y Amparito roca. En el siguiente art\u00edculo te voy a ense\u00f1ar como tocar la pieza de Paquito el chocolatero adapt\u00e1ndola a guitarra. En primer lugar [&hellip;]<\/p>\n","protected":false},"author":1,"featured_media":0,"parent":0,"menu_order":0,"comment_status":"closed","ping_status":"closed","template":"","meta":{"footnotes":""},"class_list":["post-26877","page","type-page","status-publish","hentry"],"_links":{"self":[{"href":"https:\/\/clases-guitarra-valencia.com\/blog\/wp-json\/wp\/v2\/pages\/26877","targetHints":{"allow":["GET"]}}],"collection":[{"href":"https:\/\/clases-guitarra-valencia.com\/blog\/wp-json\/wp\/v2\/pages"}],"about":[{"href":"https:\/\/clases-guitarra-valencia.com\/blog\/wp-json\/wp\/v2\/types\/page"}],"author":[{"embeddable":true,"href":"https:\/\/clases-guitarra-valencia.com\/blog\/wp-json\/wp\/v2\/users\/1"}],"replies":[{"embeddable":true,"href":"https:\/\/clases-guitarra-valencia.com\/blog\/wp-json\/wp\/v2\/comments?post=26877"}],"version-history":[{"count":6,"href":"https:\/\/clases-guitarra-valencia.com\/blog\/wp-json\/wp\/v2\/pages\/26877\/revisions"}],"predecessor-version":[{"id":26932,"href":"https:\/\/clases-guitarra-valencia.com\/blog\/wp-json\/wp\/v2\/pages\/26877\/revisions\/26932"}],"wp:attachment":[{"href":"https:\/\/clases-guitarra-valencia.com\/blog\/wp-json\/wp\/v2\/media?parent=26877"}],"curies":[{"name":"wp","href":"https:\/\/api.w.org\/{rel}","templated":true}]}}