{"id":27220,"date":"2020-03-26T10:31:34","date_gmt":"2020-03-26T10:31:34","guid":{"rendered":"http:\/\/clases-guitarra-valencia.com\/?page_id=27220"},"modified":"2020-03-26T10:31:34","modified_gmt":"2020-03-26T10:31:34","slug":"listado-de-canciones","status":"publish","type":"page","link":"https:\/\/clases-guitarra-valencia.com\/blog\/listado-de-canciones\/","title":{"rendered":"Listado de canciones"},"content":{"rendered":"\n\n\n\n<p>A tod@s nos ha pasado en m\u00e1s de una ocasi\u00f3n que muchas veces no sabemos que tocar con la guitarra. No encontramos aquella canci\u00f3n que nos motive y que se ajuste a nuestra capacidad de ejecuci\u00f3n.<\/p>\n<p>En ocasiones elegimos canciones muy dificiles que se escapan de nuestro nivel, otras personas pueden encontrar que no encuentran el camino para seguir evolucionando y mejorando con el instrumento tanto a nivel te\u00f3rico como pr\u00e1ctico y necesitan nuevos retos que les motiven.<\/p>\n<p>En mi caso, llevo casi 17 a\u00f1os tocando la guitarra y he encontrado muchos momentos en los que he podido sentir esa sensaci\u00f3n. Tanto como guitarrista, como tambi\u00e9n como profe es complicado encontrar canciones que se ajusten al nivel y gustos de las personas.\u00a0<\/p>\n<p>Por eso he elaborado una lista donde recopilo muchas de las canciones que he ido tocando durante estos a\u00f1os en mis clases y que pretende servir como gu\u00eda para aquellas personas que quieran tocar un rato \u00abpero no sepan el que\u00bb.<\/p>\n<p>Las canciones estan ordenadas por estilo, nivel y t\u00e9cnica fundamental por la que se ense\u00f1a. As\u00ed como una peque\u00f1a descripci\u00f3n que explica cual es el punto clave o de mayor difcultad que vamos a encontrar en la misma<\/p>\n<p>Espero que os sirva. Iremos actualizando la lista y ampliando detalles.<\/p>\n<p><code>[gdoc key=\"https:\/\/docs.google.com\/spreadsheets\/d\/1yUerdMyAqdop4t1eNlWTyWlGabb7LMwylQjAP4kVin8\/edit?usp=sharing\"]<\/code>\u00a0<\/p>\n<p>\u00a0<\/p>\n\n\n<p><\/p>\n\n\n","protected":false},"excerpt":{"rendered":"<p>A tod@s nos ha pasado en m\u00e1s de una ocasi\u00f3n que muchas veces no sabemos que tocar con la guitarra. No encontramos aquella canci\u00f3n que nos motive y que se ajuste a nuestra capacidad de ejecuci\u00f3n. En ocasiones elegimos canciones muy dificiles que se escapan de nuestro nivel, otras personas pueden encontrar que no encuentran [&hellip;]<\/p>\n","protected":false},"author":1,"featured_media":0,"parent":0,"menu_order":0,"comment_status":"closed","ping_status":"closed","template":"","meta":{"footnotes":""},"class_list":["post-27220","page","type-page","status-publish","hentry"],"_links":{"self":[{"href":"https:\/\/clases-guitarra-valencia.com\/blog\/wp-json\/wp\/v2\/pages\/27220","targetHints":{"allow":["GET"]}}],"collection":[{"href":"https:\/\/clases-guitarra-valencia.com\/blog\/wp-json\/wp\/v2\/pages"}],"about":[{"href":"https:\/\/clases-guitarra-valencia.com\/blog\/wp-json\/wp\/v2\/types\/page"}],"author":[{"embeddable":true,"href":"https:\/\/clases-guitarra-valencia.com\/blog\/wp-json\/wp\/v2\/users\/1"}],"replies":[{"embeddable":true,"href":"https:\/\/clases-guitarra-valencia.com\/blog\/wp-json\/wp\/v2\/comments?post=27220"}],"version-history":[{"count":2,"href":"https:\/\/clases-guitarra-valencia.com\/blog\/wp-json\/wp\/v2\/pages\/27220\/revisions"}],"predecessor-version":[{"id":27222,"href":"https:\/\/clases-guitarra-valencia.com\/blog\/wp-json\/wp\/v2\/pages\/27220\/revisions\/27222"}],"wp:attachment":[{"href":"https:\/\/clases-guitarra-valencia.com\/blog\/wp-json\/wp\/v2\/media?parent=27220"}],"curies":[{"name":"wp","href":"https:\/\/api.w.org\/{rel}","templated":true}]}}