{"id":2930,"date":"2015-09-05T19:03:36","date_gmt":"2015-09-05T19:03:36","guid":{"rendered":"http:\/\/clases-guitarra-valencia.com\/?page_id=2930"},"modified":"2025-12-10T09:13:39","modified_gmt":"2025-12-10T09:13:39","slug":"increibles-solos-de-guitarra-ninos","status":"publish","type":"page","link":"https:\/\/clases-guitarra-valencia.com\/blog\/increibles-solos-de-guitarra-ninos\/","title":{"rendered":"Increibles solos de guitarra ni\u00f1os"},"content":{"rendered":"<p>Queridos amigos y amigas!!<\/p>\n<p>Buceando por Internet uno es que capaz de descubrir cosas increibles. Sin duda uno puede llegar a sentirse muy torpe cuando observa con esa mezcla de envidia e incredulidad el nivel de virtuosismo que demuestran algunas personas sobre las 6 cuerdas. \u00a0Pero todav\u00eda resulta m\u00e1s increible cuando descubres lo que son capaces de hacer con una guitarra algunos ni\u00f1os a los que ni tan siquiera el acn\u00e9 les ha atacado&#8230; Sin duda se trata de casos excepcionales, personas con un don especial (combinado, por supuesto con much\u00edsimas horas de dedicaci\u00f3n), aut\u00e9nticos ni\u00f1os prodigio&#8230; Y no, no me refiero ni a Marisol ni a Joselito&#8230; Como diri\u00e1 el bueno de Bryan AdamsKIDS WANNA ROCK!!<\/p>\n","protected":false},"excerpt":{"rendered":"<p>Queridos amigos y amigas!! Buceando por Internet uno es que capaz de descubrir cosas increibles. Sin duda uno puede llegar a sentirse muy torpe cuando observa con esa mezcla de envidia e incredulidad el nivel de virtuosismo que demuestran algunas personas sobre las 6 cuerdas. \u00a0Pero todav\u00eda resulta m\u00e1s increible cuando descubres lo que son [&hellip;]<\/p>\n","protected":false},"author":1,"featured_media":2933,"parent":0,"menu_order":0,"comment_status":"open","ping_status":"open","template":"","meta":{"footnotes":""},"class_list":["post-2930","page","type-page","status-publish","has-post-thumbnail","hentry"],"_links":{"self":[{"href":"https:\/\/clases-guitarra-valencia.com\/blog\/wp-json\/wp\/v2\/pages\/2930","targetHints":{"allow":["GET"]}}],"collection":[{"href":"https:\/\/clases-guitarra-valencia.com\/blog\/wp-json\/wp\/v2\/pages"}],"about":[{"href":"https:\/\/clases-guitarra-valencia.com\/blog\/wp-json\/wp\/v2\/types\/page"}],"author":[{"embeddable":true,"href":"https:\/\/clases-guitarra-valencia.com\/blog\/wp-json\/wp\/v2\/users\/1"}],"replies":[{"embeddable":true,"href":"https:\/\/clases-guitarra-valencia.com\/blog\/wp-json\/wp\/v2\/comments?post=2930"}],"version-history":[{"count":7,"href":"https:\/\/clases-guitarra-valencia.com\/blog\/wp-json\/wp\/v2\/pages\/2930\/revisions"}],"predecessor-version":[{"id":39412,"href":"https:\/\/clases-guitarra-valencia.com\/blog\/wp-json\/wp\/v2\/pages\/2930\/revisions\/39412"}],"wp:featuredmedia":[{"embeddable":true,"href":"https:\/\/clases-guitarra-valencia.com\/blog\/wp-json\/wp\/v2\/media\/2933"}],"wp:attachment":[{"href":"https:\/\/clases-guitarra-valencia.com\/blog\/wp-json\/wp\/v2\/media?parent=2930"}],"curies":[{"name":"wp","href":"https:\/\/api.w.org\/{rel}","templated":true}]}}